{"id":1352,"date":"2025-09-28T13:30:17","date_gmt":"2025-09-28T13:30:17","guid":{"rendered":"http:\/\/vchl.be.apache54.cloud.telenet.be\/expertise\/"},"modified":"2025-10-09T16:02:53","modified_gmt":"2025-10-09T16:02:53","slug":"expertises","status":"publish","type":"page","link":"https:\/\/www.vchl.be\/fr\/expertises\/","title":{"rendered":"EXPERTISES"},"content":{"rendered":"<p>[et_pb_section fb_built=\u00a0\u00bb1&Prime; _builder_version=\u00a0\u00bb4.27.4&Prime; _module_preset=\u00a0\u00bbdefault\u00a0\u00bb background_image=\u00a0\u00bbhttps:\/\/www.vchl.be\/wp-content\/uploads\/2025\/10\/VCHL-banner2.jpg\u00a0\u00bb max_height=\u00a0\u00bb200px\u00a0\u00bb hover_enabled=\u00a0\u00bb0&Prime; global_colors_info=\u00a0\u00bb{}\u00a0\u00bb title_text=\u00a0\u00bbVCHL-banner2&Prime; sticky_enabled=\u00a0\u00bb0&Prime;][et_pb_row _builder_version=\u00a0\u00bb4.17.3&Prime; _module_preset=\u00a0\u00bbdefault\u00a0\u00bb global_colors_info=\u00a0\u00bb{}\u00a0\u00bb][et_pb_column type=\u00a0\u00bb4_4&Prime; _builder_version=\u00a0\u00bb4.17.3&Prime; _module_preset=\u00a0\u00bbdefault\u00a0\u00bb global_colors_info=\u00a0\u00bb{}\u00a0\u00bb][et_pb_text _builder_version=\u00a0\u00bb4.19.0&Prime; _module_preset=\u00a0\u00bbdefault\u00a0\u00bb header_font=\u00a0\u00bbNunito Sans|600|||||||\u00a0\u00bb header_text_color=\u00a0\u00bb#FFFFFF\u00a0\u00bb custom_padding=\u00a0\u00bb||||false|true\u00a0\u00bb animation_style=\u00a0\u00bbslide\u00a0\u00bb animation_direction=\u00a0\u00bbbottom\u00a0\u00bb global_colors_info=\u00a0\u00bb{}\u00a0\u00bb]<\/p>\n<h1 style=\"text-align: left; font-size: 50px; line-height: 60px;\">Expertises<\/h1>\n<p>[\/et_pb_text][\/et_pb_column][\/et_pb_row][et_pb_row _builder_version=\u00a0\u00bb4.17.4&Prime; _module_preset=\u00a0\u00bbdefault\u00a0\u00bb width=\u00a0\u00bb100%\u00a0\u00bb max_width=\u00a0\u00bb1920px\u00a0\u00bb global_colors_info=\u00a0\u00bb{}\u00a0\u00bb][et_pb_column type=\u00a0\u00bb4_4&Prime; _builder_version=\u00a0\u00bb4.17.4&Prime; _module_preset=\u00a0\u00bbdefault\u00a0\u00bb global_colors_info=\u00a0\u00bb{}\u00a0\u00bb][et_pb_text _builder_version=\u00a0\u00bb4.17.4&Prime; _module_preset=\u00a0\u00bbdefault\u00a0\u00bb text_text_color=\u00a0\u00bb#FFFFFF\u00a0\u00bb link_font=\u00a0\u00bb||||on|||#FFFFFF|\u00a0\u00bb link_text_color=\u00a0\u00bb#FFFFFF\u00a0\u00bb custom_margin=\u00a0\u00bb-25px||||false|false\u00a0\u00bb custom_margin_tablet=\u00a0\u00bb-30px||||false|false\u00a0\u00bb custom_margin_phone=\u00a0\u00bb\u00a0\u00bb custom_margin_last_edited=\u00a0\u00bbon|desktop\u00a0\u00bb text_font_size_tablet=\u00a0\u00bb12px\u00a0\u00bb text_font_size_phone=\u00a0\u00bb10px\u00a0\u00bb text_font_size_last_edited=\u00a0\u00bbon|desktop\u00a0\u00bb global_colors_info=\u00a0\u00bb{}\u00a0\u00bb]<\/p>\n<div class=\"\">\n<div class=\"WordSection1\">\n<div class=\"\" style=\"text-align: right;\"><span lang=\"NL-BE\" class=\"\">\u00a9 2022<\/span><\/div>\n<\/div>\n<\/div>\n<p>[\/et_pb_text][\/et_pb_column][\/et_pb_row][\/et_pb_section][et_pb_section fb_built=\u00a0\u00bb1&Prime; _builder_version=\u00a0\u00bb4.17.1&Prime; _module_preset=\u00a0\u00bbdefault\u00a0\u00bb global_colors_info=\u00a0\u00bb{}\u00a0\u00bb][et_pb_row _builder_version=\u00a0\u00bb4.17.3&Prime; _module_preset=\u00a0\u00bbdefault\u00a0\u00bb global_colors_info=\u00a0\u00bb{}\u00a0\u00bb][et_pb_column type=\u00a0\u00bb4_4&Prime; _builder_version=\u00a0\u00bb4.17.3&Prime; _module_preset=\u00a0\u00bbdefault\u00a0\u00bb global_colors_info=\u00a0\u00bb{}\u00a0\u00bb][et_pb_text _builder_version=\u00a0\u00bb4.17.4&Prime; _module_preset=\u00a0\u00bbdefault\u00a0\u00bb text_font_size=\u00a0\u00bb20px\u00a0\u00bb header_2_font=\u00a0\u00bbPlayfair Display||||||||\u00a0\u00bb header_2_text_color=\u00a0\u00bb#333333&Prime; header_2_font_size=\u00a0\u00bb40px\u00a0\u00bb header_2_line_height=\u00a0\u00bb1.3em\u00a0\u00bb custom_margin=\u00a0\u00bb|70px|20px|70px|false|true\u00a0\u00bb custom_margin_tablet=\u00a0\u00bb|40px||40px|false|true\u00a0\u00bb custom_margin_phone=\u00a0\u00bb|10px||10px|false|true\u00a0\u00bb custom_margin_last_edited=\u00a0\u00bbon|desktop\u00a0\u00bb custom_padding=\u00a0\u00bb||||false|false\u00a0\u00bb header_2_font_size_tablet=\u00a0\u00bb45px\u00a0\u00bb header_2_font_size_phone=\u00a0\u00bb33px\u00a0\u00bb header_2_font_size_last_edited=\u00a0\u00bbon|phone\u00a0\u00bb global_colors_info=\u00a0\u00bb{}\u00a0\u00bb]<\/p>\n<p style=\"text-align: center;\"><span>Le cabinet d\u2019avocats van Caster, Hock\u00e9 &amp; Limme est constitu\u00e9 d\u2019avocats polyvalents qui sont actifs dans les domaines suivants:<\/span><\/p>\n<p>[\/et_pb_text][\/et_pb_column][\/et_pb_row][et_pb_row column_structure=\u00a0\u00bb1_2,1_2&Prime; use_custom_gutter=\u00a0\u00bbon\u00a0\u00bb make_equal=\u00a0\u00bbon\u00a0\u00bb _builder_version=\u00a0\u00bb4.17.3&Prime; _module_preset=\u00a0\u00bbdefault\u00a0\u00bb max_width=\u00a0\u00bb2560px\u00a0\u00bb global_colors_info=\u00a0\u00bb{}\u00a0\u00bb][et_pb_column type=\u00a0\u00bb1_2&Prime; _builder_version=\u00a0\u00bb4.17.1&Prime; _module_preset=\u00a0\u00bbdefault\u00a0\u00bb global_colors_info=\u00a0\u00bb{}\u00a0\u00bb][et_pb_accordion closed_toggle_text_color=\u00a0\u00bb#FFFFFF\u00a0\u00bb closed_toggle_background_color=\u00a0\u00bb#026783&Prime; toggle_icon=\u00a0\u00bb&#xe050;||divi||400&Prime; icon_color=\u00a0\u00bb#FFFFFF\u00a0\u00bb _builder_version=\u00a0\u00bb4.17.4&Prime; _module_preset=\u00a0\u00bbdefault\u00a0\u00bb toggle_level=\u00a0\u00bbh2&Prime; toggle_font=\u00a0\u00bb||||||||\u00a0\u00bb toggle_text_align=\u00a0\u00bbleft\u00a0\u00bb toggle_font_size=\u00a0\u00bb22px\u00a0\u00bb closed_toggle_font=\u00a0\u00bb|600|||||||\u00a0\u00bb closed_toggle_text_align=\u00a0\u00bbleft\u00a0\u00bb closed_toggle_font_size=\u00a0\u00bb22px\u00a0\u00bb text_orientation=\u00a0\u00bbjustified\u00a0\u00bb toggle_font_size_tablet=\u00a0\u00bb20px\u00a0\u00bb toggle_font_size_phone=\u00a0\u00bb18px\u00a0\u00bb toggle_font_size_last_edited=\u00a0\u00bbon|phone\u00a0\u00bb closed_toggle_font_size_tablet=\u00a0\u00bb20px\u00a0\u00bb closed_toggle_font_size_phone=\u00a0\u00bb18px\u00a0\u00bb closed_toggle_font_size_last_edited=\u00a0\u00bbon|desktop\u00a0\u00bb global_colors_info=\u00a0\u00bb{}\u00a0\u00bb toggle_icon__hover_enabled=\u00a0\u00bbon|hover\u00a0\u00bb toggle_icon__hover=\u00a0\u00bb\ue050||divi||400&Prime;][et_pb_accordion_item title=\u00a0\u00bbDroit commercial\u00a0\u00bb open=\u00a0\u00bbon\u00a0\u00bb _builder_version=\u00a0\u00bb4.17.4&Prime; _module_preset=\u00a0\u00bbdefault\u00a0\u00bb body_text_align=\u00a0\u00bbjustify\u00a0\u00bb global_colors_info=\u00a0\u00bb{}\u00a0\u00bb toggle_text_align=\u00a0\u00bbleft\u00a0\u00bb toggle_font_size_tablet=\u00a0\u00bb\u00a0\u00bb toggle_font_size_phone=\u00a0\u00bb\u00a0\u00bb toggle_font_size_last_edited=\u00a0\u00bbon|phone\u00a0\u00bb closed_toggle_font_size_tablet=\u00a0\u00bb20px\u00a0\u00bb closed_toggle_font_size_phone=\u00a0\u00bb18px\u00a0\u00bb closed_toggle_font_size_last_edited=\u00a0\u00bbon|phone\u00a0\u00bb]<\/p>\n<p style=\"text-align: justify;\">Dans ce domaine du droit, vous pouvez vous adresser \u00e0 nous, tant pour obtenir des conseils que pour une assistance juridique en cas de proc\u00e9dure devant le tribunal.<\/p>\n<p style=\"text-align: justify;\">Notre \u00e9quipe est \u00e0 votre disposition pour\u00a0:<\/p>\n<ul>\n<li style=\"text-align: justify;\">La r\u00e9daction et la r\u00e9vision de contrat<\/li>\n<li style=\"text-align: justify;\">La r\u00e9daction de condition g\u00e9n\u00e9rales de vente<\/li>\n<li style=\"text-align: justify;\">La r\u00e9cup\u00e9ration de factures impay\u00e9es<\/li>\n<li style=\"text-align: justify;\">Les conflits avec des clients<\/li>\n<li style=\"text-align: justify;\">Les contrats de leasing<\/li>\n<\/ul>\n<p>[\/et_pb_accordion_item][et_pb_accordion_item title=\u00a0\u00bbDroit du bail et bail commercial\u00a0\u00bb _builder_version=\u00a0\u00bb4.17.4&Prime; _module_preset=\u00a0\u00bbdefault\u00a0\u00bb global_colors_info=\u00a0\u00bb{}\u00a0\u00bb toggle_font_size_tablet=\u00a0\u00bb\u00a0\u00bb toggle_font_size_phone=\u00a0\u00bb\u00a0\u00bb toggle_font_size_last_edited=\u00a0\u00bbon|desktop\u00a0\u00bb closed_toggle_font_size_tablet=\u00a0\u00bb\u00a0\u00bb closed_toggle_font_size_phone=\u00a0\u00bb\u00a0\u00bb closed_toggle_font_size_last_edited=\u00a0\u00bbon|phone\u00a0\u00bb open=\u00a0\u00bboff\u00a0\u00bb]<\/p>\n<p style=\"font-weight: 400; text-align: justify;\">Notre cabinet dispose d\u2019une \u00e9quipe qui combine une expertise acad\u00e9mique avec une solide exp\u00e9rience en droit du bail et du bail commercial. Vous pouvez compter sur nous pour\u00a0:<\/p>\n<ul>\n<li style=\"font-weight: 400; text-align: justify;\">La r\u00e9daction des baux<\/li>\n<li style=\"font-weight: 400; text-align: justify;\">Vous assister dans le cadre d\u2019un litige avec un locataire pour non-paiement de loyer<\/li>\n<li style=\"font-weight: 400; text-align: justify;\">Des d\u00e9g\u00e2ts locatifs<\/li>\n<li style=\"font-weight: 400; text-align: justify;\">Des manquements\/d\u00e9fauts au bien lou\u00e9<\/li>\n<li style=\"font-weight: 400; text-align: justify;\">R\u00e9silier un contrat de bail<\/li>\n<li style=\"font-weight: 400; text-align: justify;\">N\u00e9gocier le renouvellement d\u2019un bail commercial<\/li>\n<li style=\"font-weight: 400; text-align: justify;\">Tous probl\u00e8mes auxquels un bailleur ou un locataire se voient confront\u00e9s<\/li>\n<\/ul>\n<p>[\/et_pb_accordion_item][et_pb_accordion_item title=\u00a0\u00bbR\u00e9cup\u00e9ration de cr\u00e9ance et saisies\u00a0\u00bb _builder_version=\u00a0\u00bb4.17.4&Prime; _module_preset=\u00a0\u00bbdefault\u00a0\u00bb global_colors_info=\u00a0\u00bb{}\u00a0\u00bb open=\u00a0\u00bboff\u00a0\u00bb]<\/p>\n<p style=\"text-align: justify;\">Les dossiers de r\u00e9cup\u00e9ration de cr\u00e9ances doivent \u00eatre trait\u00e9s de fa\u00e7on rapide et efficace. C\u2019est la devise de notre cabinet, qui s\u2019est organis\u00e9 en cons\u00e9quence. Nous travaillons depuis des ann\u00e9es en \u00e9troite collaboration avec des huissiers de justice fort comp\u00e9tents.<\/p>\n<p style=\"text-align: justify;\">Les diff\u00e9rentes formes de saisies, les proc\u00e9dures et leurs d\u00e9lais particuliers font partie de l\u2019expertise de nos avocats.<\/p>\n<p>[\/et_pb_accordion_item][et_pb_accordion_item title=\u00a0\u00bbDroit de la construction\u00a0\u00bb _builder_version=\u00a0\u00bb4.17.4&Prime; _module_preset=\u00a0\u00bbdefault\u00a0\u00bb global_colors_info=\u00a0\u00bb{}\u00a0\u00bb open=\u00a0\u00bboff\u00a0\u00bb]<\/p>\n<p style=\"text-align: justify;\">Dans le domaine de la construction, diff\u00e9rents acteurs sont impliqu\u00e9s\u00a0: le ma\u00eetre d\u2019ouvrage, l\u2019architecte, l\u2019entrepreneur, le bureau d\u2019\u00e9tude. Nous sommes \u00e0 la disposition de ces diff\u00e9rents intervenants pour des conseils, la r\u00e9daction de contrats ou pour une assistance lors d\u2019un conflit.<\/p>\n<ul style=\"text-align: justify;\">\n<li>La construction pr\u00e9sente-t-elle des vices\u00a0?<\/li>\n<li>L\u2019\u00e9quipe en charge de la construction a-t-elle commis des fautes\u00a0?<\/li>\n<li>Votre responsabilit\u00e9 est-elle mise en cause\u00a0?<\/li>\n<\/ul>\n<p style=\"text-align: justify;\">N\u2019h\u00e9sitez pas \u00e0 nous contacter pour que nous puissions vous conseiller utilement.<\/p>\n<p>[\/et_pb_accordion_item][et_pb_accordion_item title=\u00a0\u00bbLitiges dans le secteur des soins de sant\u00e9\u00a0\u00bb _builder_version=\u00a0\u00bb4.17.4&Prime; _module_preset=\u00a0\u00bbdefault\u00a0\u00bb global_colors_info=\u00a0\u00bb{}\u00a0\u00bb open=\u00a0\u00bboff\u00a0\u00bb]<\/p>\n<p style=\"text-align: justify;\">Depuis de nombreuses ann\u00e9es, notre cabinet a acquis une expertise particuli\u00e8re dans le domaine des soins de sant\u00e9. Cette expertise couvre diff\u00e9rents aspects et notamment :<\/p>\n<ul>\n<li style=\"text-align: justify;\">Le recouvrement des factures en souffrance<\/li>\n<li style=\"text-align: justify;\">Le droit de la responsabilit\u00e9 civile et p\u00e9nale au sein des \u00e9tablissements des soins de sant\u00e9<\/li>\n<li style=\"text-align: justify;\">Les proc\u00e9dures de mise en observation et d\u2019administration de biens et de la personne<\/li>\n<li style=\"text-align: justify;\">L\u2019examen des garanties et des interventions des autorit\u00e9s sociales et CPAS.<\/li>\n<\/ul>\n<p>[\/et_pb_accordion_item][et_pb_accordion_item title=\u00a0\u00bbDroit des contrats\u00a0\u00bb _builder_version=\u00a0\u00bb4.17.4&Prime; _module_preset=\u00a0\u00bbdefault\u00a0\u00bb global_colors_info=\u00a0\u00bb{}\u00a0\u00bb toggle_font_size_tablet=\u00a0\u00bb\u00a0\u00bb toggle_font_size_phone=\u00a0\u00bb\u00a0\u00bb toggle_font_size_last_edited=\u00a0\u00bbon|phone\u00a0\u00bb closed_toggle_font_size_tablet=\u00a0\u00bb\u00a0\u00bb closed_toggle_font_size_phone=\u00a0\u00bb\u00a0\u00bb closed_toggle_font_size_last_edited=\u00a0\u00bbon|phone\u00a0\u00bb open=\u00a0\u00bboff\u00a0\u00bb]<\/p>\n<p style=\"text-align: justify;\">Vous avez des questions concernant la r\u00e9daction, la conclusion et l&rsquo;ex\u00e9cution de contrats ? Notre cabinet vous assiste dans chaque \u00e9tape de la n\u00e9gociation, la r\u00e9daction et l\u2019ex\u00e9cution des conventions.<\/p>\n<ul>\n<li style=\"text-align: justify;\">La n\u00e9gociation pr\u00e9contractuelle<\/li>\n<li style=\"text-align: justify;\">La r\u00e9daction de conditions g\u00e9n\u00e9rales<\/li>\n<li style=\"text-align: justify;\">La r\u00e9daction et la r\u00e9vision des conventions<\/li>\n<li style=\"text-align: justify;\">Conseils et proc\u00e9dures \u00e0 suivre lors de discussions dans l\u2019ex\u00e9cution des conventions<\/li>\n<\/ul>\n<p>[\/et_pb_accordion_item][\/et_pb_accordion][\/et_pb_column][et_pb_column type=\u00a0\u00bb1_2&Prime; _builder_version=\u00a0\u00bb4.17.1&Prime; _module_preset=\u00a0\u00bbdefault\u00a0\u00bb global_colors_info=\u00a0\u00bb{}\u00a0\u00bb][et_pb_accordion closed_toggle_text_color=\u00a0\u00bb#FFFFFF\u00a0\u00bb closed_toggle_background_color=\u00a0\u00bb#026783&Prime; toggle_icon=\u00a0\u00bb&#xe050;||divi||400&Prime; icon_color=\u00a0\u00bb#FFFFFF\u00a0\u00bb _builder_version=\u00a0\u00bb4.17.4&Prime; _module_preset=\u00a0\u00bbdefault\u00a0\u00bb toggle_level=\u00a0\u00bbh2&Prime; toggle_font=\u00a0\u00bb||||||||\u00a0\u00bb toggle_text_align=\u00a0\u00bbleft\u00a0\u00bb toggle_font_size=\u00a0\u00bb22px\u00a0\u00bb closed_toggle_font=\u00a0\u00bb|600|||||||\u00a0\u00bb closed_toggle_text_align=\u00a0\u00bbleft\u00a0\u00bb closed_toggle_font_size=\u00a0\u00bb22px\u00a0\u00bb text_orientation=\u00a0\u00bbjustified\u00a0\u00bb toggle_font_size_tablet=\u00a0\u00bb20px\u00a0\u00bb toggle_font_size_phone=\u00a0\u00bb18px\u00a0\u00bb toggle_font_size_last_edited=\u00a0\u00bbon|phone\u00a0\u00bb closed_toggle_font_size_tablet=\u00a0\u00bb20px\u00a0\u00bb closed_toggle_font_size_phone=\u00a0\u00bb18px\u00a0\u00bb closed_toggle_font_size_last_edited=\u00a0\u00bbon|desktop\u00a0\u00bb global_colors_info=\u00a0\u00bb{}\u00a0\u00bb icon_color__hover_enabled=\u00a0\u00bbon|hover\u00a0\u00bb toggle_icon__hover_enabled=\u00a0\u00bbon|desktop\u00a0\u00bb toggle_icon__hover=\u00a0\u00bb\ue050||divi||400&Prime; icon_color__hover=\u00a0\u00bb#FFFFFF\u00a0\u00bb][et_pb_accordion_item title=\u00a0\u00bbDroit de la responsabilit\u00e9\u00a0\u00bb open=\u00a0\u00bbon\u00a0\u00bb _builder_version=\u00a0\u00bb4.17.4&Prime; _module_preset=\u00a0\u00bbdefault\u00a0\u00bb global_colors_info=\u00a0\u00bb{}\u00a0\u00bb]<\/p>\n<p style=\"text-align: justify;\">Le point de d\u00e9part du droit de la responsabilit\u00e9 est la r\u00e9paration ou l&rsquo;indemnisation d\u2019un dommage subi. Un acte de conduite peut parfois engendrer de graves cons\u00e9quences. Gr\u00e2ce \u00e0 de nombreuses ann\u00e9es de collaboration avec les compagnies d&rsquo;assurance (protection juridique), notre cabinet dispose de l&rsquo;expertise n\u00e9cessaire pour assister tant les auteurs potentiels que les victimes de dommages.<\/p>\n<p style=\"text-align: justify;\">Il s\u2019agit plus particuli\u00e8rement de :<\/p>\n<ul>\n<li style=\"text-align: justify;\">Responsabilit\u00e9 contractuelle<\/li>\n<li style=\"text-align: justify;\">Responsabilit\u00e9 extracontractuelle<\/li>\n<li style=\"text-align: justify;\">Responsabilit\u00e9 professionnelle<\/li>\n<\/ul>\n<p>[\/et_pb_accordion_item][et_pb_accordion_item title=\u00a0\u00bbDroit civil g\u00e9n\u00e9ral\u00a0\u00bb _builder_version=\u00a0\u00bb4.17.4&Prime; _module_preset=\u00a0\u00bbdefault\u00a0\u00bb global_colors_info=\u00a0\u00bb{}\u00a0\u00bb open=\u00a0\u00bboff\u00a0\u00bb]<\/p>\n<p style=\"text-align: justify;\">Le droit civil g\u00e9n\u00e9ral recouvre toutes les affaires et tous les litiges entre citoyens et\/ou personnes morales. Elle concerne la branche la plus large du droit. Vous pouvez consulter nos avocats pour obtenir des conseils notamment dans les domaines suivants :<\/p>\n<ul>\n<li style=\"text-align: justify;\">Le droit du bail<\/li>\n<li style=\"text-align: justify;\">Droit de la famille<\/li>\n<li style=\"text-align: justify;\">Droit des contrats<\/li>\n<li style=\"text-align: justify;\">Trouble de voisinage<\/li>\n<li style=\"text-align: justify;\">Copropri\u00e9t\u00e9 et syndic d\u2019immeuble<\/li>\n<\/ul>\n<p>[\/et_pb_accordion_item][et_pb_accordion_item title=\u00a0\u00bbRoulage\u00a0\u00bb _builder_version=\u00a0\u00bb4.17.4&Prime; _module_preset=\u00a0\u00bbdefault\u00a0\u00bb global_colors_info=\u00a0\u00bb{}\u00a0\u00bb open=\u00a0\u00bboff\u00a0\u00bb]<\/p>\n<p style=\"text-align: justify;\">Vous faites partie du trafic au quotidien.Vous pouvez contacter notre \u00e9quipe sp\u00e9cialis\u00e9e pour tous vos probl\u00e8mes de circulation :<\/p>\n<ul style=\"text-align: justify;\">\n<li>Avez-vous commis une infraction au code de la route ?\n<ul>\n<li>Exc\u00e8s de vitesse<\/li>\n<li>Conduite en \u00e9tat d&rsquo;ivresse<\/li>\n<li>Accident de la circulation avec dommages corporels<\/li>\n<li>Mis en circulation d\u2019un v\u00e9hicule en tant que propri\u00e9taire, sans que la responsabilit\u00e9 civile soit couverte par une police d&rsquo;assurance valide.<\/li>\n<\/ul>\n<\/li>\n<li>Vous \u00eates victime d&rsquo;un accident de la de la route ?<\/li>\n<li>Vous avez provoqu\u00e9 un accident de la circulation?<\/li>\n<li>Vous devez compara\u00eetre devant le tribunal de police ?<\/li>\n<\/ul>\n<p style=\"text-align: justify;\">N&rsquo;h\u00e9sitez pas \u00e0 faire appel \u00e0 notre cabinet. En g\u00e9n\u00e9ral, vous pouvez faire appel \u00e0 votre assurance protection juridique pour la prise en charge des frais et honoraires li\u00e9s \u00e0 notre intervention.<\/p>\n<p>[\/et_pb_accordion_item][et_pb_accordion_item title=\u00a0\u00bbDroit p\u00e9nal\u00a0\u00bb _builder_version=\u00a0\u00bb4.17.4&Prime; _module_preset=\u00a0\u00bbdefault\u00a0\u00bb global_colors_info=\u00a0\u00bb{}\u00a0\u00bb open=\u00a0\u00bboff\u00a0\u00bb]<\/p>\n<p style=\"text-align: justify;\">Notre cabinet fournit une assistance aux suspects, aux pr\u00e9venus et aux victimes dans les affaires p\u00e9nales et ce, \u00e0 tous stades de l&rsquo;enqu\u00eate criminelle. Par exemple :<\/p>\n<ul>\n<li style=\"text-align: justify;\">Assistance lors des interrogatoires par la police et le juge d&rsquo;instruction<\/li>\n<li style=\"text-align: justify;\">Constitution de partie civile au nom de la victime ou de la partie l\u00e9s\u00e9e<\/li>\n<li style=\"text-align: justify;\">D\u00e9fense des pr\u00e9venus devant les tribunaux de police et correctionnels<\/li>\n<\/ul>\n<p>[\/et_pb_accordion_item][et_pb_accordion_item title=\u00a0\u00bbDroit familial\u00a0\u00bb _builder_version=\u00a0\u00bb4.17.4&Prime; _module_preset=\u00a0\u00bbdefault\u00a0\u00bb global_colors_info=\u00a0\u00bb{}\u00a0\u00bb open=\u00a0\u00bboff\u00a0\u00bb]<\/p>\n<p style=\"text-align: justify;\">Le droit de la famille fait partie du droit civil. Il s&rsquo;agit d&rsquo;un domaine tr\u00e8s sp\u00e9cifique, souvent charg\u00e9 d&rsquo;\u00e9motions, o\u00f9 la n\u00e9gociation est primordiale. Nos avocats vous assistent lors des n\u00e9gociations, vous donnent des conseils, r\u00e9digent des accords et m\u00e8nent des proc\u00e9dures judiciaires de :<\/p>\n<ul>\n<li style=\"text-align: justify;\">Divorce<\/li>\n<li style=\"text-align: justify;\">Fin d&rsquo;une cohabitation de fait ou l\u00e9gale<\/li>\n<li style=\"text-align: justify;\">Liquidation et partage de successions<\/li>\n<li style=\"text-align: justify;\">Demandes de pension alimentaire pour les enfants communs<\/li>\n<\/ul>\n<p>[\/et_pb_accordion_item][\/et_pb_accordion][\/et_pb_column][\/et_pb_row][\/et_pb_section][et_pb_section fb_built=\u00a0\u00bb1&Prime; disabled_on=\u00a0\u00bboff|off|off\u00a0\u00bb _builder_version=\u00a0\u00bb4.27.4&Prime; _module_preset=\u00a0\u00bbdefault\u00a0\u00bb background_color=\u00a0\u00bbrgba(137,137,137,0.58)\u00a0\u00bb use_background_color_gradient=\u00a0\u00bbon\u00a0\u00bb background_color_gradient_stops=\u00a0\u00bbrgba(0,0,0,0.23) 0%|rgba(0,0,0,0) 98%\u00a0\u00bb background_color_gradient_overlays_image=\u00a0\u00bbon\u00a0\u00bb background_image=\u00a0\u00bbhttps:\/\/www.vchl.be\/wp-content\/uploads\/2025\/10\/VCHL-Vennoten-banner.jpg\u00a0\u00bb background_position=\u00a0\u00bbtop_center\u00a0\u00bb height=\u00a0\u00bb600px\u00a0\u00bb height_tablet=\u00a0\u00bb350px\u00a0\u00bb height_phone=\u00a0\u00bb200px\u00a0\u00bb height_last_edited=\u00a0\u00bbon|phone\u00a0\u00bb hover_enabled=\u00a0\u00bb0&Prime; global_colors_info=\u00a0\u00bb{}\u00a0\u00bb title_text=\u00a0\u00bbVCHL-Vennoten-banner\u00a0\u00bb sticky_enabled=\u00a0\u00bb0&Prime;][et_pb_row column_structure=\u00a0\u00bb2_3,1_3&Prime; disabled_on=\u00a0\u00bbon|on|off\u00a0\u00bb _builder_version=\u00a0\u00bb4.17.4&Prime; _module_preset=\u00a0\u00bbdefault\u00a0\u00bb width=\u00a0\u00bb86%\u00a0\u00bb max_width=\u00a0\u00bb2560px\u00a0\u00bb custom_margin=\u00a0\u00bb420px||||false|false\u00a0\u00bb custom_margin_tablet=\u00a0\u00bb150px||||false|false\u00a0\u00bb custom_margin_phone=\u00a0\u00bb10px||||false|false\u00a0\u00bb custom_margin_last_edited=\u00a0\u00bbon|phone\u00a0\u00bb global_colors_info=\u00a0\u00bb{}\u00a0\u00bb][et_pb_column type=\u00a0\u00bb2_3&Prime; _builder_version=\u00a0\u00bb4.17.4&Prime; _module_preset=\u00a0\u00bbdefault\u00a0\u00bb global_colors_info=\u00a0\u00bb{}\u00a0\u00bb][et_pb_text disabled_on=\u00a0\u00bboff|off|off\u00a0\u00bb _builder_version=\u00a0\u00bb4.17.4&Prime; _module_preset=\u00a0\u00bbdefault\u00a0\u00bb header_2_font=\u00a0\u00bbNunito Sans|600|||||||\u00a0\u00bb header_2_text_color=\u00a0\u00bb#FFFFFF\u00a0\u00bb header_2_font_size=\u00a0\u00bb40px\u00a0\u00bb header_2_font_size_tablet=\u00a0\u00bb30px\u00a0\u00bb header_2_font_size_phone=\u00a0\u00bb15px\u00a0\u00bb header_2_font_size_last_edited=\u00a0\u00bbon|phone\u00a0\u00bb global_colors_info=\u00a0\u00bb{}\u00a0\u00bb]<\/p>\n<h2 style=\"text-align: center;\">Experts juridiques exp\u00e9riment\u00e9s<\/h2>\n<p>[\/et_pb_text][\/et_pb_column][et_pb_column type=\u00a0\u00bb1_3&Prime; _builder_version=\u00a0\u00bb4.17.1&Prime; _module_preset=\u00a0\u00bbdefault\u00a0\u00bb global_colors_info=\u00a0\u00bb{}\u00a0\u00bb][et_pb_button button_url=\u00a0\u00bb@ET-DC@eyJkeW5hbWljIjp0cnVlLCJjb250ZW50IjoicG9zdF9saW5rX3VybF9wYWdlIiwic2V0dGluZ3MiOnsicG9zdF9pZCI6IjEzMzQifX0=@\u00a0\u00bb button_text=\u00a0\u00bbNos Avocats\u00a0\u00bb button_alignment=\u00a0\u00bbleft\u00a0\u00bb disabled_on=\u00a0\u00bboff|off|off\u00a0\u00bb _builder_version=\u00a0\u00bb4.17.4&Prime; _dynamic_attributes=\u00a0\u00bbbutton_url\u00a0\u00bb _module_preset=\u00a0\u00bbdefault\u00a0\u00bb custom_button=\u00a0\u00bbon\u00a0\u00bb button_text_size=\u00a0\u00bb17px\u00a0\u00bb button_text_color=\u00a0\u00bb#026783&Prime; button_bg_color=\u00a0\u00bb#FFFFFF\u00a0\u00bb button_border_width=\u00a0\u00bb0px\u00a0\u00bb button_border_radius=\u00a0\u00bb30px\u00a0\u00bb button_letter_spacing=\u00a0\u00bb1px\u00a0\u00bb button_font=\u00a0\u00bb|600|||||||\u00a0\u00bb button_use_icon=\u00a0\u00bboff\u00a0\u00bb transform_translate_linked=\u00a0\u00bboff\u00a0\u00bb custom_margin=\u00a0\u00bb||-37px||false|false\u00a0\u00bb custom_padding=\u00a0\u00bb10px|20px|10px|20px|false|true\u00a0\u00bb button_text_size_tablet=\u00a0\u00bb15px\u00a0\u00bb button_text_size_phone=\u00a0\u00bb10px\u00a0\u00bb button_text_size_last_edited=\u00a0\u00bbon|phone\u00a0\u00bb button_text_color_tablet=\u00a0\u00bb\u00a0\u00bb button_text_color_phone=\u00a0\u00bb\u00a0\u00bb button_text_color_last_edited=\u00a0\u00bbon|desktop\u00a0\u00bb global_colors_info=\u00a0\u00bb{}\u00a0\u00bb button_text_color__hover_enabled=\u00a0\u00bbon|hover\u00a0\u00bb button_bg_color__hover_enabled=\u00a0\u00bbon|desktop\u00a0\u00bb button_bg_color__hover=\u00a0\u00bb#026783&Prime; button_bg_enable_color__hover=\u00a0\u00bbon\u00a0\u00bb button_text_color__hover=\u00a0\u00bb#FFFFFF\u00a0\u00bb][\/et_pb_button][\/et_pb_column][\/et_pb_row][\/et_pb_section]<\/p>\n","protected":false},"excerpt":{"rendered":"<p>Expertises \u00a9 2022 Le cabinet d\u2019avocats van Caster, Hock\u00e9 &amp; Limme est constitu\u00e9 d\u2019avocats polyvalents qui sont actifs dans les domaines suivants:Dans ce domaine du droit, vous pouvez vous adresser \u00e0 nous, tant pour obtenir des conseils que pour une assistance juridique en cas de proc\u00e9dure devant le tribunal. Notre \u00e9quipe est \u00e0 votre disposition [&hellip;]<\/p>\n","protected":false},"author":1,"featured_media":0,"parent":0,"menu_order":2,"comment_status":"closed","ping_status":"closed","template":"","meta":{"_et_pb_use_builder":"on","_et_pb_old_content":"","_et_gb_content_width":"","footnotes":""},"class_list":["post-1352","page","type-page","status-publish","hentry"],"_links":{"self":[{"href":"https:\/\/www.vchl.be\/fr\/wp-json\/wp\/v2\/pages\/1352","targetHints":{"allow":["GET"]}}],"collection":[{"href":"https:\/\/www.vchl.be\/fr\/wp-json\/wp\/v2\/pages"}],"about":[{"href":"https:\/\/www.vchl.be\/fr\/wp-json\/wp\/v2\/types\/page"}],"author":[{"embeddable":true,"href":"https:\/\/www.vchl.be\/fr\/wp-json\/wp\/v2\/users\/1"}],"replies":[{"embeddable":true,"href":"https:\/\/www.vchl.be\/fr\/wp-json\/wp\/v2\/comments?post=1352"}],"version-history":[{"count":2,"href":"https:\/\/www.vchl.be\/fr\/wp-json\/wp\/v2\/pages\/1352\/revisions"}],"predecessor-version":[{"id":2129,"href":"https:\/\/www.vchl.be\/fr\/wp-json\/wp\/v2\/pages\/1352\/revisions\/2129"}],"wp:attachment":[{"href":"https:\/\/www.vchl.be\/fr\/wp-json\/wp\/v2\/media?parent=1352"}],"curies":[{"name":"wp","href":"https:\/\/api.w.org\/{rel}","templated":true}]}}