{"id":1363,"date":"2025-09-28T13:30:16","date_gmt":"2025-09-28T13:30:16","guid":{"rendered":"http:\/\/vchl.be.apache54.cloud.telenet.be\/advocaten\/advocaat-an-sofie-limme\/"},"modified":"2025-09-29T15:41:52","modified_gmt":"2025-09-29T15:41:52","slug":"avocat-an-sofie-limme","status":"publish","type":"page","link":"https:\/\/www.vchl.be\/fr\/avocats\/avocat-an-sofie-limme\/","title":{"rendered":"Avocat An-Sofie Limme"},"content":{"rendered":"<p>[et_pb_section fb_built=\u00a0\u00bb1&Prime; _builder_version=\u00a0\u00bb4.19.0&Prime; _module_preset=\u00a0\u00bbdefault\u00a0\u00bb background_image=\u00a0\u00bbhttps:\/\/www.vchl.be\/wp-content\/uploads\/2022\/06\/VCHL-banner4.jpg\u00a0\u00bb background_position=\u00a0\u00bbtop_center\u00a0\u00bb max_height=\u00a0\u00bb200px\u00a0\u00bb hover_enabled=\u00a0\u00bb0&Prime; global_colors_info=\u00a0\u00bb{}\u00a0\u00bb title_text=\u00a0\u00bbVCHL-banner4&Prime; sticky_enabled=\u00a0\u00bb0&Prime;][et_pb_row _builder_version=\u00a0\u00bb4.17.3&Prime; _module_preset=\u00a0\u00bbdefault\u00a0\u00bb global_colors_info=\u00a0\u00bb{}\u00a0\u00bb][et_pb_column type=\u00a0\u00bb4_4&Prime; _builder_version=\u00a0\u00bb4.17.3&Prime; _module_preset=\u00a0\u00bbdefault\u00a0\u00bb global_colors_info=\u00a0\u00bb{}\u00a0\u00bb][et_pb_text _builder_version=\u00a0\u00bb4.17.4&Prime; _module_preset=\u00a0\u00bbdefault\u00a0\u00bb header_font=\u00a0\u00bbNunito Sans|600|||||||\u00a0\u00bb header_text_color=\u00a0\u00bb#FFFFFF\u00a0\u00bb custom_padding=\u00a0\u00bb||||false|true\u00a0\u00bb animation_style=\u00a0\u00bbslide\u00a0\u00bb animation_direction=\u00a0\u00bbbottom\u00a0\u00bb global_colors_info=\u00a0\u00bb{}\u00a0\u00bb]<\/p>\n<h1 style=\"text-align: left; font-size: 50px; line-height: 60px;\">Avocats<\/h1>\n<p>[\/et_pb_text][\/et_pb_column][\/et_pb_row][et_pb_row _builder_version=\u00a0\u00bb4.17.4&Prime; _module_preset=\u00a0\u00bbdefault\u00a0\u00bb width=\u00a0\u00bb100%\u00a0\u00bb max_width=\u00a0\u00bb1920px\u00a0\u00bb global_colors_info=\u00a0\u00bb{}\u00a0\u00bb][et_pb_column type=\u00a0\u00bb4_4&Prime; _builder_version=\u00a0\u00bb4.17.4&Prime; _module_preset=\u00a0\u00bbdefault\u00a0\u00bb global_colors_info=\u00a0\u00bb{}\u00a0\u00bb][et_pb_text _builder_version=\u00a0\u00bb4.17.4&Prime; _module_preset=\u00a0\u00bbdefault\u00a0\u00bb text_text_color=\u00a0\u00bb#FFFFFF\u00a0\u00bb link_font=\u00a0\u00bb||||on|||#FFFFFF|\u00a0\u00bb link_text_color=\u00a0\u00bb#FFFFFF\u00a0\u00bb custom_margin=\u00a0\u00bb-25px||||false|false\u00a0\u00bb custom_margin_tablet=\u00a0\u00bb-30px||||false|false\u00a0\u00bb custom_margin_phone=\u00a0\u00bb\u00a0\u00bb custom_margin_last_edited=\u00a0\u00bbon|desktop\u00a0\u00bb text_font_size_tablet=\u00a0\u00bb12px\u00a0\u00bb text_font_size_phone=\u00a0\u00bb10px\u00a0\u00bb text_font_size_last_edited=\u00a0\u00bbon|desktop\u00a0\u00bb global_colors_info=\u00a0\u00bb{}\u00a0\u00bb]<\/p>\n<div class=\"\">\n<div class=\"WordSection1\">\n<div class=\"\" style=\"text-align: right;\"><span lang=\"NL-BE\" class=\"\">\u00a9 2022<\/span><\/div>\n<\/div>\n<\/div>\n<p>[\/et_pb_text][\/et_pb_column][\/et_pb_row][\/et_pb_section][et_pb_section fb_built=\u00a0\u00bb1&Prime; _builder_version=\u00a0\u00bb4.17.1&Prime; _module_preset=\u00a0\u00bbdefault\u00a0\u00bb global_colors_info=\u00a0\u00bb{}\u00a0\u00bb][et_pb_row column_structure=\u00a0\u00bb1_2,1_2&Prime; _builder_version=\u00a0\u00bb4.17.3&Prime; _module_preset=\u00a0\u00bbdefault\u00a0\u00bb width=\u00a0\u00bb100%\u00a0\u00bb global_colors_info=\u00a0\u00bb{}\u00a0\u00bb][et_pb_column type=\u00a0\u00bb1_2&Prime; _builder_version=\u00a0\u00bb4.17.3&Prime; _module_preset=\u00a0\u00bbdefault\u00a0\u00bb global_colors_info=\u00a0\u00bb{}\u00a0\u00bb][et_pb_text _builder_version=\u00a0\u00bb4.17.4&Prime; _module_preset=\u00a0\u00bbdefault\u00a0\u00bb header_font=\u00a0\u00bbNunito Sans|600|||||||\u00a0\u00bb header_2_font=\u00a0\u00bbNunito Sans|600|||||||\u00a0\u00bb header_2_font_size=\u00a0\u00bb30px\u00a0\u00bb custom_margin=\u00a0\u00bb||||false|false\u00a0\u00bb global_colors_info=\u00a0\u00bb{}\u00a0\u00bb]<\/p>\n<h2 style=\"text-align: center;\">An-Sofie Limme<\/h2>\n<p>[\/et_pb_text][et_pb_text _builder_version=\u00a0\u00bb4.17.4&Prime; _module_preset=\u00a0\u00bbdefault\u00a0\u00bb text_font_size=\u00a0\u00bb16px\u00a0\u00bb link_text_color=\u00a0\u00bb#000000&Prime; custom_padding_tablet=\u00a0\u00bb|40px||40px|false|false\u00a0\u00bb custom_padding_phone=\u00a0\u00bb|40px||40px|false|false\u00a0\u00bb custom_padding_last_edited=\u00a0\u00bbon|tablet\u00a0\u00bb global_colors_info=\u00a0\u00bb{}\u00a0\u00bb]<\/p>\n<p style=\"text-align: justify;\">An-Sofie a obtenu son dipl\u00f4me de candidature en droit \u00e0 la KUB en 2001 et sa licence \u00e0 la KULeuven en 2004.<\/p>\n<p style=\"text-align: justify;\">Elle est inscrite depuis 2004 au barreau de Louvain et depuis 2020 \u00e9galement \u00e0 l\u2019Ordre N\u00e9erlandophone du Barreau de Bruxelles.<\/p>\n<p style=\"text-align: justify;\">Apr\u00e8s ses \u00e9tudes, An-Sofie a entam\u00e9 son stage au barreau de Leuven et a pu d\u00e9couvrir un nombre vari\u00e9 de branches du droit. Elle a ainsi pu se d\u00e9velopper comme avocat polyvalent, avec un int\u00e9r\u00eat particulier pour le droit civil au sens large. Ses mati\u00e8res de pr\u00e9dilection sont la responsabilit\u00e9 civile, le droit des contrats, le droit familial et le roulage.<\/p>\n<p style=\"text-align: justify;\">Depuis 2020, An-Sofie est \u00e9galement inscrite au barreau n\u00e9erlandophone de Bruxelles et fait partie du cabinet van Caster, Hock\u00e9 &amp; Limme.<\/p>\n<p style=\"text-align: justify;\">En 2020, An-Sofie fut \u00e9galement nomm\u00e9e Juge de Paix suppl\u00e9ant \u00e0 la Justice de Paix de Tirlemont.<\/p>\n<p style=\"text-align: justify;\">Ses clients appr\u00e9cient son engagement et sa sinc\u00e9rit\u00e9. Son pouvoir de persuasion est un atout, tant devant les tribunaux qu&rsquo;\u00e0 la table des n\u00e9gociations.<\/p>\n<p style=\"text-align: justify;\">Pendant son temps libre, elle aime les ballades en famille, accompagn\u00e9e de son chien et les d\u00eeners entre amis. Passionn\u00e9e de musique, elle assiste r\u00e9guli\u00e8rement \u00e0 un concert.<\/p>\n<p>[\/et_pb_text][\/et_pb_column][et_pb_column type=\u00a0\u00bb1_2&Prime; _builder_version=\u00a0\u00bb4.17.3&Prime; _module_preset=\u00a0\u00bbdefault\u00a0\u00bb global_colors_info=\u00a0\u00bb{}\u00a0\u00bb][et_pb_image src=\u00a0\u00bbhttps:\/\/www.vchl.be\/wp-content\/uploads\/2022\/04\/Anne-Sofie-Medium.jpg\u00a0\u00bb title_text=\u00a0\u00bbAn-Sofie Limme\u00a0\u00bb align=\u00a0\u00bbcenter\u00a0\u00bb _builder_version=\u00a0\u00bb4.19.0&Prime; _module_preset=\u00a0\u00bbdefault\u00a0\u00bb transform_translate_linked=\u00a0\u00bboff\u00a0\u00bb width=\u00a0\u00bb75%\u00a0\u00bb width_tablet=\u00a0\u00bb80%\u00a0\u00bb width_phone=\u00a0\u00bb100%\u00a0\u00bb width_last_edited=\u00a0\u00bbon|phone\u00a0\u00bb custom_padding=\u00a0\u00bb|20px||20px|false|false\u00a0\u00bb custom_padding_tablet=\u00a0\u00bb|150px||150px|false|false\u00a0\u00bb custom_padding_phone=\u00a0\u00bb|40px||40px|false|false\u00a0\u00bb custom_padding_last_edited=\u00a0\u00bbon|desktop\u00a0\u00bb animation_style=\u00a0\u00bbfade\u00a0\u00bb animation_delay=\u00a0\u00bb200ms\u00a0\u00bb hover_enabled=\u00a0\u00bb0&Prime; global_colors_info=\u00a0\u00bb{}\u00a0\u00bb transform_styles__hover_enabled=\u00a0\u00bbon|hover\u00a0\u00bb transform_scale__hover_enabled=\u00a0\u00bbon|hover\u00a0\u00bb transform_translate__hover_enabled=\u00a0\u00bbon|hover\u00a0\u00bb transform_rotate__hover_enabled=\u00a0\u00bbon|desktop\u00a0\u00bb transform_skew__hover_enabled=\u00a0\u00bbon|desktop\u00a0\u00bb transform_origin__hover_enabled=\u00a0\u00bbon|desktop\u00a0\u00bb alt=\u00a0\u00bbAdvocaat An-Sofie Limme\u00a0\u00bb sticky_enabled=\u00a0\u00bb0&Prime;][\/et_pb_image][et_pb_button button_url=\u00a0\u00bbmailto:an-sofie.limme@vchl.be\u00a0\u00bb button_text=\u00a0\u00bbContactez An-Sofie Limme\u00a0\u00bb button_alignment=\u00a0\u00bbcenter\u00a0\u00bb _builder_version=\u00a0\u00bb4.17.4&Prime; _module_preset=\u00a0\u00bbdefault\u00a0\u00bb custom_button=\u00a0\u00bbon\u00a0\u00bb button_text_size=\u00a0\u00bb17px\u00a0\u00bb button_text_color=\u00a0\u00bb#FFFFFF\u00a0\u00bb button_bg_color=\u00a0\u00bb#026783&Prime; button_border_width=\u00a0\u00bb0px\u00a0\u00bb button_border_radius=\u00a0\u00bb30px\u00a0\u00bb button_letter_spacing=\u00a0\u00bb1px\u00a0\u00bb button_font=\u00a0\u00bb|600|||||||\u00a0\u00bb button_use_icon=\u00a0\u00bboff\u00a0\u00bb transform_translate_linked=\u00a0\u00bboff\u00a0\u00bb custom_margin=\u00a0\u00bb||-20px||false|false\u00a0\u00bb custom_padding=\u00a0\u00bb10px|20px|10px|20px|false|true\u00a0\u00bb button_text_color_tablet=\u00a0\u00bb\u00a0\u00bb button_text_color_phone=\u00a0\u00bb\u00a0\u00bb button_text_color_last_edited=\u00a0\u00bbon|desktop\u00a0\u00bb global_colors_info=\u00a0\u00bb{}\u00a0\u00bb button_text_color__hover_enabled=\u00a0\u00bbon|hover\u00a0\u00bb button_bg_color__hover_enabled=\u00a0\u00bbon|hover\u00a0\u00bb button_bg_color__hover=\u00a0\u00bb#FFFFFF\u00a0\u00bb button_bg_enable_color__hover=\u00a0\u00bbon\u00a0\u00bb button_text_color__hover=\u00a0\u00bb#026783&Prime;][\/et_pb_button][\/et_pb_column][\/et_pb_row][et_pb_row _builder_version=\u00a0\u00bb4.17.3&Prime; _module_preset=\u00a0\u00bbdefault\u00a0\u00bb global_colors_info=\u00a0\u00bb{}\u00a0\u00bb][et_pb_column type=\u00a0\u00bb4_4&Prime; _builder_version=\u00a0\u00bb4.17.3&Prime; _module_preset=\u00a0\u00bbdefault\u00a0\u00bb global_colors_info=\u00a0\u00bb{}\u00a0\u00bb][et_pb_text _builder_version=\u00a0\u00bb4.17.4&Prime; _module_preset=\u00a0\u00bbdefault\u00a0\u00bb link_font=\u00a0\u00bb|600|||||||\u00a0\u00bb link_text_color=\u00a0\u00bb#026783&Prime; link_font_size=\u00a0\u00bb20px\u00a0\u00bb custom_padding=\u00a0\u00bb20px||||false|false\u00a0\u00bb global_colors_info=\u00a0\u00bb{}\u00a0\u00bb link_text_color__hover_enabled=\u00a0\u00bbon|hover\u00a0\u00bb link_text_color__hover=\u00a0\u00bb#000000&Prime;]<\/p>\n<p style=\"text-align: center;\"><a href=\"http:\/\/vchl.be.apache54.cloud.telenet.be\/fr\/avocats\/\">\u2190 \u00a0Avocats<\/a><\/p>\n<p>[\/et_pb_text][\/et_pb_column][\/et_pb_row][\/et_pb_section]<\/p>\n","protected":false},"excerpt":{"rendered":"<p>Avocats \u00a9 2022 An-Sofie LimmeAn-Sofie a obtenu son dipl\u00f4me de candidature en droit \u00e0 la KUB en 2001 et sa licence \u00e0 la KULeuven en 2004. Elle est inscrite depuis 2004 au barreau de Louvain et depuis 2020 \u00e9galement \u00e0 l\u2019Ordre N\u00e9erlandophone du Barreau de Bruxelles. Apr\u00e8s ses \u00e9tudes, An-Sofie a entam\u00e9 son stage au [&hellip;]<\/p>\n","protected":false},"author":1,"featured_media":0,"parent":1351,"menu_order":12,"comment_status":"closed","ping_status":"closed","template":"","meta":{"_et_pb_use_builder":"on","_et_pb_old_content":"","_et_gb_content_width":"","footnotes":""},"class_list":["post-1363","page","type-page","status-publish","hentry"],"_links":{"self":[{"href":"https:\/\/www.vchl.be\/fr\/wp-json\/wp\/v2\/pages\/1363","targetHints":{"allow":["GET"]}}],"collection":[{"href":"https:\/\/www.vchl.be\/fr\/wp-json\/wp\/v2\/pages"}],"about":[{"href":"https:\/\/www.vchl.be\/fr\/wp-json\/wp\/v2\/types\/page"}],"author":[{"embeddable":true,"href":"https:\/\/www.vchl.be\/fr\/wp-json\/wp\/v2\/users\/1"}],"replies":[{"embeddable":true,"href":"https:\/\/www.vchl.be\/fr\/wp-json\/wp\/v2\/comments?post=1363"}],"version-history":[{"count":1,"href":"https:\/\/www.vchl.be\/fr\/wp-json\/wp\/v2\/pages\/1363\/revisions"}],"predecessor-version":[{"id":2067,"href":"https:\/\/www.vchl.be\/fr\/wp-json\/wp\/v2\/pages\/1363\/revisions\/2067"}],"up":[{"embeddable":true,"href":"https:\/\/www.vchl.be\/fr\/wp-json\/wp\/v2\/pages\/1351"}],"wp:attachment":[{"href":"https:\/\/www.vchl.be\/fr\/wp-json\/wp\/v2\/media?parent=1363"}],"curies":[{"name":"wp","href":"https:\/\/api.w.org\/{rel}","templated":true}]}}