{"id":1910,"date":"2023-08-02T10:36:33","date_gmt":"2023-08-02T10:36:33","guid":{"rendered":"https:\/\/www.vchl.be\/avocats\/avocat-tess-dezwarte\/"},"modified":"2025-10-09T16:13:22","modified_gmt":"2025-10-09T16:13:22","slug":"avocat-tess-dezwarte","status":"publish","type":"page","link":"https:\/\/www.vchl.be\/fr\/avocats\/avocat-tess-dezwarte\/","title":{"rendered":"Avocat &#8211; Tess Dezwarte"},"content":{"rendered":"<p>[et_pb_section fb_built=\u00a0\u00bb1&Prime; _builder_version=\u00a0\u00bb4.27.4&Prime; _module_preset=\u00a0\u00bbdefault\u00a0\u00bb background_image=\u00a0\u00bbhttps:\/\/www.vchl.be\/wp-content\/uploads\/2025\/10\/VCHL-banner4.jpg\u00a0\u00bb background_position=\u00a0\u00bbtop_center\u00a0\u00bb max_height=\u00a0\u00bb200px\u00a0\u00bb hover_enabled=\u00a0\u00bb0&Prime; global_colors_info=\u00a0\u00bb{}\u00a0\u00bb title_text=\u00a0\u00bbVCHL-banner4&Prime; sticky_enabled=\u00a0\u00bb0&Prime;][et_pb_row _builder_version=\u00a0\u00bb4.17.4&Prime; _module_preset=\u00a0\u00bbdefault\u00a0\u00bb global_colors_info=\u00a0\u00bb{}\u00a0\u00bb][et_pb_column type=\u00a0\u00bb4_4&Prime; _builder_version=\u00a0\u00bb4.17.3&Prime; _module_preset=\u00a0\u00bbdefault\u00a0\u00bb global_colors_info=\u00a0\u00bb{}\u00a0\u00bb][et_pb_text _builder_version=\u00a0\u00bb4.17.4&Prime; _module_preset=\u00a0\u00bbdefault\u00a0\u00bb header_font=\u00a0\u00bbNunito Sans||||||||\u00a0\u00bb header_text_color=\u00a0\u00bb#FFFFFF\u00a0\u00bb header_2_font=\u00a0\u00bbMontserrat||||||||\u00a0\u00bb custom_padding=\u00a0\u00bb||||false|true\u00a0\u00bb animation_style=\u00a0\u00bbslide\u00a0\u00bb animation_direction=\u00a0\u00bbbottom\u00a0\u00bb global_colors_info=\u00a0\u00bb{}\u00a0\u00bb]<\/p>\n<h1 style=\"text-align: left; font-size: 50px; line-height: 60px;\">Avocats<\/h1>\n<p>[\/et_pb_text][\/et_pb_column][\/et_pb_row][et_pb_row _builder_version=\u00a0\u00bb4.17.4&Prime; _module_preset=\u00a0\u00bbdefault\u00a0\u00bb width=\u00a0\u00bb100%\u00a0\u00bb max_width=\u00a0\u00bb1920px\u00a0\u00bb global_colors_info=\u00a0\u00bb{}\u00a0\u00bb][et_pb_column type=\u00a0\u00bb4_4&Prime; _builder_version=\u00a0\u00bb4.17.4&Prime; _module_preset=\u00a0\u00bbdefault\u00a0\u00bb global_colors_info=\u00a0\u00bb{}\u00a0\u00bb][et_pb_text _builder_version=\u00a0\u00bb4.17.4&Prime; _module_preset=\u00a0\u00bbdefault\u00a0\u00bb text_text_color=\u00a0\u00bb#FFFFFF\u00a0\u00bb link_font=\u00a0\u00bb||||on|||#FFFFFF|\u00a0\u00bb link_text_color=\u00a0\u00bb#FFFFFF\u00a0\u00bb custom_margin=\u00a0\u00bb-25px||||false|false\u00a0\u00bb custom_margin_tablet=\u00a0\u00bb-30px||||false|false\u00a0\u00bb custom_margin_phone=\u00a0\u00bb\u00a0\u00bb custom_margin_last_edited=\u00a0\u00bbon|desktop\u00a0\u00bb text_font_size_tablet=\u00a0\u00bb12px\u00a0\u00bb text_font_size_phone=\u00a0\u00bb10px\u00a0\u00bb text_font_size_last_edited=\u00a0\u00bbon|desktop\u00a0\u00bb global_colors_info=\u00a0\u00bb{}\u00a0\u00bb]<\/p>\n<div class=\"\">\n<div class=\"WordSection1\">\n<div class=\"\" style=\"text-align: right;\"><span lang=\"NL-BE\" class=\"\">\u00a9 2022<\/span><\/div>\n<\/div>\n<\/div>\n<p>[\/et_pb_text][\/et_pb_column][\/et_pb_row][\/et_pb_section][et_pb_section fb_built=\u00a0\u00bb1&Prime; _builder_version=\u00a0\u00bb4.17.1&Prime; _module_preset=\u00a0\u00bbdefault\u00a0\u00bb global_colors_info=\u00a0\u00bb{}\u00a0\u00bb][et_pb_row column_structure=\u00a0\u00bb1_2,1_2&Prime; _builder_version=\u00a0\u00bb4.17.3&Prime; _module_preset=\u00a0\u00bbdefault\u00a0\u00bb width=\u00a0\u00bb100%\u00a0\u00bb global_colors_info=\u00a0\u00bb{}\u00a0\u00bb][et_pb_column type=\u00a0\u00bb1_2&Prime; _builder_version=\u00a0\u00bb4.17.3&Prime; _module_preset=\u00a0\u00bbdefault\u00a0\u00bb global_colors_info=\u00a0\u00bb{}\u00a0\u00bb][et_pb_text _builder_version=\u00a0\u00bb4.19.0&Prime; _module_preset=\u00a0\u00bbdefault\u00a0\u00bb header_font=\u00a0\u00bbNunito Sans||||||||\u00a0\u00bb header_2_font=\u00a0\u00bbNunito Sans||||||||\u00a0\u00bb header_2_font_size=\u00a0\u00bb30px\u00a0\u00bb custom_margin=\u00a0\u00bb||||false|false\u00a0\u00bb global_colors_info=\u00a0\u00bb{}\u00a0\u00bb]<\/p>\n<h2 style=\"text-align: center;\"><span>Tess Dezwarte<\/span><\/h2>\n<p>[\/et_pb_text][et_pb_text _builder_version=\u00a0\u00bb4.19.0&Prime; _module_preset=\u00a0\u00bbdefault\u00a0\u00bb text_font_size=\u00a0\u00bb16px\u00a0\u00bb link_text_color=\u00a0\u00bb#000000&Prime; custom_padding_tablet=\u00a0\u00bb|40px||40px|false|false\u00a0\u00bb custom_padding_phone=\u00a0\u00bb|40px||40px|false|false\u00a0\u00bb custom_padding_last_edited=\u00a0\u00bbon|tablet\u00a0\u00bb global_colors_info=\u00a0\u00bb{}\u00a0\u00bb]<\/p>\n<p style=\"text-align: justify;\">Tess a obtenu son Master en droit avec distinction \u00e0 la Vrije Universiteit Brussel en 2015, o\u00f9 elle a opt\u00e9 pour une sp\u00e9cialisation en droit civil et judiciaire.<\/p>\n<p style=\"text-align: justify;\">Apr\u00e8s ses \u00e9tudes, elle s\u2019est inscrite au barreau de Leuven. Elle poss\u00e8de aujourd\u2019hui plusieurs ann\u00e9es d\u2019exp\u00e9rience et s\u2019est concentr\u00e9e, au cours de sa carri\u00e8re professionnelle, sur diff\u00e9rentes branches du droit, de sorte qu&rsquo;elle peut \u00eatre qualifi\u00e9e d&rsquo;avocate polyvalente.<\/p>\n<p style=\"text-align: justify;\">Dans la pratique, Tess traite principalement des dossiers relevant du droit p\u00e9nal, du droit civil et du droit familial. Elle affectionne particuli\u00e8rement les dossiers de recouvrement de cr\u00e9ances.<\/p>\n<p style=\"text-align: justify;\">Zij behaalde eveneens het getuigschrift Surpralat \u2013 bijzonder opleiding Salduz Elle affectionne particuli\u00e8rement les dossiers de recouvrement de cr\u00e9ances.<\/p>\n<p style=\"text-align: justify;\">En 2023, elle a rejoint le cabinet van Caster, Hock\u00e9 &amp; Limme.<\/p>\n<p style=\"text-align: justify;\">Pendant son temps libre, on retrouvera souvent Tess derri\u00e8re son appareil photo. Lors de promenades en famille ou entre amis, personne n&rsquo;\u00e9chappe \u00e0 son objectif. Elle s&rsquo;int\u00e9resse \u00e9galement \u00e0 la d\u00e9coration d&rsquo;int\u00e9rieur et \u00e0 l&rsquo;architecture. L&rsquo;\u0153il et le sens du d\u00e9tail qu&rsquo;elle a ainsi d\u00e9velopp\u00e9s lui sont utiles lorsqu&rsquo;elle cherche une solution \u00e0 chaque probl\u00e8me juridique.<\/p>\n<p>[\/et_pb_text][\/et_pb_column][et_pb_column type=\u00a0\u00bb1_2&Prime; _builder_version=\u00a0\u00bb4.17.3&Prime; _module_preset=\u00a0\u00bbdefault\u00a0\u00bb global_colors_info=\u00a0\u00bb{}\u00a0\u00bb][et_pb_image src=\u00a0\u00bbhttps:\/\/www.vchl.be\/wp-content\/uploads\/2023\/08\/5-VDS_1344-Tess.jpg\u00a0\u00bb alt=\u00a0\u00bbAvocat &#8211; Tess Dezwarte\u00a0\u00bb title_text=\u00a0\u00bbAvocat &#8211; Tess Dezwarte\u00a0\u00bb align=\u00a0\u00bbcenter\u00a0\u00bb _builder_version=\u00a0\u00bb4.19.0&Prime; _module_preset=\u00a0\u00bbdefault\u00a0\u00bb transform_translate_linked=\u00a0\u00bboff\u00a0\u00bb width=\u00a0\u00bb75%\u00a0\u00bb width_tablet=\u00a0\u00bb80%\u00a0\u00bb width_phone=\u00a0\u00bb100%\u00a0\u00bb width_last_edited=\u00a0\u00bbon|phone\u00a0\u00bb custom_padding=\u00a0\u00bb|20px||20px|false|false\u00a0\u00bb custom_padding_tablet=\u00a0\u00bb|150px||150px|false|false\u00a0\u00bb custom_padding_phone=\u00a0\u00bb|40px||40px|false|false\u00a0\u00bb custom_padding_last_edited=\u00a0\u00bbon|desktop\u00a0\u00bb animation_style=\u00a0\u00bbfade\u00a0\u00bb animation_delay=\u00a0\u00bb200ms\u00a0\u00bb global_colors_info=\u00a0\u00bb{}\u00a0\u00bb transform_styles__hover_enabled=\u00a0\u00bbon|hover\u00a0\u00bb transform_scale__hover_enabled=\u00a0\u00bbon|hover\u00a0\u00bb transform_translate__hover_enabled=\u00a0\u00bbon|hover\u00a0\u00bb transform_rotate__hover_enabled=\u00a0\u00bbon|desktop\u00a0\u00bb transform_skew__hover_enabled=\u00a0\u00bbon|desktop\u00a0\u00bb transform_origin__hover_enabled=\u00a0\u00bbon|desktop\u00a0\u00bb][\/et_pb_image][et_pb_button button_url=\u00a0\u00bbmailto:tess.dezwarte@vchl.be\u00a0\u00bb button_text=\u00a0\u00bbConatctez Tess Dezwarte\u00a0\u00bb button_alignment=\u00a0\u00bbcenter\u00a0\u00bb _builder_version=\u00a0\u00bb4.19.0&Prime; _module_preset=\u00a0\u00bbdefault\u00a0\u00bb custom_button=\u00a0\u00bbon\u00a0\u00bb button_text_size=\u00a0\u00bb17px\u00a0\u00bb button_text_color=\u00a0\u00bb#FFFFFF\u00a0\u00bb button_bg_color=\u00a0\u00bb#026783&Prime; button_border_width=\u00a0\u00bb0px\u00a0\u00bb button_border_radius=\u00a0\u00bb30px\u00a0\u00bb button_letter_spacing=\u00a0\u00bb1px\u00a0\u00bb button_font=\u00a0\u00bb|600|||||||\u00a0\u00bb button_use_icon=\u00a0\u00bboff\u00a0\u00bb transform_translate_linked=\u00a0\u00bboff\u00a0\u00bb custom_margin=\u00a0\u00bb||-20px||false|false\u00a0\u00bb custom_padding=\u00a0\u00bb10px|20px|10px|20px|false|true\u00a0\u00bb button_text_color_tablet=\u00a0\u00bb\u00a0\u00bb button_text_color_phone=\u00a0\u00bb\u00a0\u00bb button_text_color_last_edited=\u00a0\u00bbon|desktop\u00a0\u00bb global_colors_info=\u00a0\u00bb{}\u00a0\u00bb button_text_color__hover_enabled=\u00a0\u00bbon|hover\u00a0\u00bb button_bg_color__hover_enabled=\u00a0\u00bbon|hover\u00a0\u00bb button_bg_color__hover=\u00a0\u00bb#FFFFFF\u00a0\u00bb button_bg_enable_color__hover=\u00a0\u00bbon\u00a0\u00bb button_text_color__hover=\u00a0\u00bb#026783&Prime;][\/et_pb_button][\/et_pb_column][\/et_pb_row][et_pb_row _builder_version=\u00a0\u00bb4.17.3&Prime; _module_preset=\u00a0\u00bbdefault\u00a0\u00bb global_colors_info=\u00a0\u00bb{}\u00a0\u00bb][et_pb_column type=\u00a0\u00bb4_4&Prime; _builder_version=\u00a0\u00bb4.17.3&Prime; _module_preset=\u00a0\u00bbdefault\u00a0\u00bb global_colors_info=\u00a0\u00bb{}\u00a0\u00bb][et_pb_text _builder_version=\u00a0\u00bb4.17.3&Prime; _module_preset=\u00a0\u00bbdefault\u00a0\u00bb link_font=\u00a0\u00bb|600|||||||\u00a0\u00bb link_text_color=\u00a0\u00bb#026783&Prime; link_font_size=\u00a0\u00bb20px\u00a0\u00bb custom_padding=\u00a0\u00bb20px||||false|false\u00a0\u00bb global_colors_info=\u00a0\u00bb{}\u00a0\u00bb link_text_color__hover_enabled=\u00a0\u00bbon|hover\u00a0\u00bb link_text_color__hover=\u00a0\u00bb#000000&Prime;]<\/p>\n<p style=\"text-align: center;\"><a href=\"https:\/\/www.vchl.be\/fr\/avocats\/\">\u2190 Avocats<\/a><\/p>\n<p>[\/et_pb_text][\/et_pb_column][\/et_pb_row][\/et_pb_section]<\/p>\n","protected":false},"excerpt":{"rendered":"<p>Avocats \u00a9 2022 Tess DezwarteTess a obtenu son Master en droit avec distinction \u00e0 la Vrije Universiteit Brussel en 2015, o\u00f9 elle a opt\u00e9 pour une sp\u00e9cialisation en droit civil et judiciaire. Apr\u00e8s ses \u00e9tudes, elle s\u2019est inscrite au barreau de Leuven. Elle poss\u00e8de aujourd\u2019hui plusieurs ann\u00e9es d\u2019exp\u00e9rience et s\u2019est concentr\u00e9e, au cours de sa [&hellip;]<\/p>\n","protected":false},"author":2,"featured_media":0,"parent":1351,"menu_order":0,"comment_status":"closed","ping_status":"closed","template":"","meta":{"_et_pb_use_builder":"on","_et_pb_old_content":"","_et_gb_content_width":"","footnotes":""},"class_list":["post-1910","page","type-page","status-publish","hentry"],"_links":{"self":[{"href":"https:\/\/www.vchl.be\/fr\/wp-json\/wp\/v2\/pages\/1910","targetHints":{"allow":["GET"]}}],"collection":[{"href":"https:\/\/www.vchl.be\/fr\/wp-json\/wp\/v2\/pages"}],"about":[{"href":"https:\/\/www.vchl.be\/fr\/wp-json\/wp\/v2\/types\/page"}],"author":[{"embeddable":true,"href":"https:\/\/www.vchl.be\/fr\/wp-json\/wp\/v2\/users\/2"}],"replies":[{"embeddable":true,"href":"https:\/\/www.vchl.be\/fr\/wp-json\/wp\/v2\/comments?post=1910"}],"version-history":[{"count":4,"href":"https:\/\/www.vchl.be\/fr\/wp-json\/wp\/v2\/pages\/1910\/revisions"}],"predecessor-version":[{"id":2146,"href":"https:\/\/www.vchl.be\/fr\/wp-json\/wp\/v2\/pages\/1910\/revisions\/2146"}],"up":[{"embeddable":true,"href":"https:\/\/www.vchl.be\/fr\/wp-json\/wp\/v2\/pages\/1351"}],"wp:attachment":[{"href":"https:\/\/www.vchl.be\/fr\/wp-json\/wp\/v2\/media?parent=1910"}],"curies":[{"name":"wp","href":"https:\/\/api.w.org\/{rel}","templated":true}]}}